{"id":10235,"date":"2024-04-04T15:00:23","date_gmt":"2024-04-04T15:00:23","guid":{"rendered":"https:\/\/sat-holding.com\/?page_id=10235"},"modified":"2024-04-05T16:27:43","modified_gmt":"2024-04-05T16:27:43","slug":"sherbimet","status":"publish","type":"page","link":"https:\/\/sat-holding.com\/?page_id=10235","title":{"rendered":"Sherbimet"},"content":{"rendered":"\t\t<div data-elementor-type=\"wp-page\" data-elementor-id=\"10235\" class=\"elementor elementor-10235\">\n\t\t\t\t<div class=\"elementor-element elementor-element-76930de e-flex e-con-boxed e-con e-parent\" data-id=\"76930de\" data-element_type=\"container\" data-e-type=\"container\">\n\t\t\t\t\t<div class=\"e-con-inner\">\n\t\t\t\t<div class=\"elementor-element elementor-element-92cbbde elementor-widget elementor-widget-qi_addons_for_elementor_section_title\" data-id=\"92cbbde\" data-element_type=\"widget\" data-e-type=\"widget\" data-widget_type=\"qi_addons_for_elementor_section_title.default\">\n\t\t\t\t<div class=\"elementor-widget-container\">\n\t\t\t\t\t<div class=\"qodef-shortcode qodef-m qodef-qi-section-title qodef-decoration--italic qodef-link--underline-draw qodef-subtitle-icon--left\">\n\t\t\t\t\t\t<h4 class=\"qodef-m-title\">\n\t\tSherbimet e ofruara nga kompania SAT HOLDING SHPK jane: \t<\/h4>\n\t\t\t<\/div>\n\t\t\t\t<\/div>\n\t\t\t\t<\/div>\n\t\t\t\t\t<\/div>\n\t\t\t\t<\/div>\n\t\t\t\t<section class=\"elementor-section elementor-top-section elementor-element elementor-element-79fa3467 elementor-section-full_width qodef-elementor-content-grid elementor-section-height-default elementor-section-height-default\" data-id=\"79fa3467\" data-element_type=\"section\" data-e-type=\"section\">\n\t\t\t\t\t\t<div class=\"elementor-container elementor-column-gap-default\">\n\t\t\t\t\t<div class=\"elementor-column elementor-col-33 elementor-top-column elementor-element elementor-element-615e4fcc\" data-id=\"615e4fcc\" data-element_type=\"column\" data-e-type=\"column\" data-settings=\"{&quot;background_background&quot;:&quot;classic&quot;}\">\n\t\t\t<div class=\"elementor-widget-wrap elementor-element-populated\">\n\t\t\t\t\t\t<div class=\"elementor-element elementor-element-24f4789b elementor-widget__width-initial elementor-widget elementor-widget-halstein_core_icon_with_text\" data-id=\"24f4789b\" data-element_type=\"widget\" data-e-type=\"widget\" data-widget_type=\"halstein_core_icon_with_text.default\">\n\t\t\t\t<div class=\"elementor-widget-container\">\n\t\t\t\t\t<div class=\"qodef-shortcode qodef-m  qodef-icon-with-text qodef-layout--top qodef--custom-icon   qodef-alignment--left\">\n\t<div class=\"qodef-m-icon-wrapper\" >\n\t\t\t\t\t\t\t<\/div>\n\t<div class=\"qodef-m-content\">\n\t\t\t<h4 class=\"qodef-m-title\" style=\"margin-top: 13px\">\n\t\t\t\t\t<span class=\"qodef-m-title-text\">NGURT\u00cbSIA ELEKTRIKE<\/span>\n\t\t\t<\/h4>\n\t\t\t<p class=\"qodef-m-text-field\" style=\"margin-top: 15px\">\n<\/p>\n\t\t\t<\/div>\n<\/div>\n\t\t\t\t<\/div>\n\t\t\t\t<\/div>\n\t\t\t\t<div class=\"elementor-element elementor-element-350998a3 elementor-widget elementor-widget-text-editor\" data-id=\"350998a3\" data-element_type=\"widget\" data-e-type=\"widget\" data-widget_type=\"text-editor.default\">\n\t\t\t\t<div class=\"elementor-widget-container\">\n\t\t\t\t\t\t\t\t\t<p><strong>a. <\/strong>Parametri: Tension AC <br \/><strong>b<\/strong>. Parametri: Rryme AC<br \/><strong>c<\/strong>. Parametri Tension DC<br \/><strong>d<\/strong>. Parametri Rryme DC<\/p>\t\t\t\t\t\t\t\t<\/div>\n\t\t\t\t<\/div>\n\t\t\t\t\t<\/div>\n\t\t<\/div>\n\t\t\t\t<div class=\"elementor-column elementor-col-33 elementor-top-column elementor-element elementor-element-3ce101a2 elementor-hidden-mobile\" data-id=\"3ce101a2\" data-element_type=\"column\" data-e-type=\"column\" data-settings=\"{&quot;background_background&quot;:&quot;classic&quot;}\">\n\t\t\t<div class=\"elementor-widget-wrap elementor-element-populated\">\n\t\t\t\t\t\t<div class=\"elementor-element elementor-element-55cb00a elementor-widget__width-initial elementor-widget elementor-widget-halstein_core_icon_with_text\" data-id=\"55cb00a\" data-element_type=\"widget\" data-e-type=\"widget\" data-widget_type=\"halstein_core_icon_with_text.default\">\n\t\t\t\t<div class=\"elementor-widget-container\">\n\t\t\t\t\t<div class=\"qodef-shortcode qodef-m  qodef-icon-with-text qodef-layout--top qodef--custom-icon   qodef-alignment--left\">\n\t<div class=\"qodef-m-icon-wrapper\" >\n\t\t\t\t\t\t\t<\/div>\n\t<div class=\"qodef-m-content\">\n\t\t\t<h4 class=\"qodef-m-title\" style=\"margin-top: 13px;color: #FFFFFF\">\n\t\t\t\t\t<span class=\"qodef-m-title-text\">REZISTENCA E P\u00cbR\u00c7UESIT MBROJT\u00cbS\/VAZHDUESHM\u00cbRIA<\/span>\n\t\t\t<\/h4>\n\t\t\t<p class=\"qodef-m-text-field\" style=\"margin-top: 15px\">\n<\/p>\n\t\t\t<\/div>\n<\/div>\n\t\t\t\t<\/div>\n\t\t\t\t<\/div>\n\t\t\t\t<div class=\"elementor-element elementor-element-2a02e965 elementor-widget elementor-widget-text-editor\" data-id=\"2a02e965\" data-element_type=\"widget\" data-e-type=\"widget\" data-widget_type=\"text-editor.default\">\n\t\t\t\t<div class=\"elementor-widget-container\">\n\t\t\t\t\t\t\t\t\t<p><strong>a.<\/strong> Parametri: Mates i Rezistences<br \/><strong>b.<\/strong> Parametri:Rryme<\/p>\t\t\t\t\t\t\t\t<\/div>\n\t\t\t\t<\/div>\n\t\t\t\t\t<\/div>\n\t\t<\/div>\n\t\t\t\t<div class=\"elementor-column elementor-col-33 elementor-top-column elementor-element elementor-element-a1ca762 elementor-hidden-desktop elementor-hidden-tablet\" data-id=\"a1ca762\" data-element_type=\"column\" data-e-type=\"column\" data-settings=\"{&quot;background_background&quot;:&quot;classic&quot;}\">\n\t\t\t<div class=\"elementor-widget-wrap elementor-element-populated\">\n\t\t\t\t\t\t<div class=\"elementor-element elementor-element-a90bf60 elementor-widget__width-initial elementor-widget elementor-widget-halstein_core_icon_with_text\" data-id=\"a90bf60\" data-element_type=\"widget\" data-e-type=\"widget\" data-widget_type=\"halstein_core_icon_with_text.default\">\n\t\t\t\t<div class=\"elementor-widget-container\">\n\t\t\t\t\t<div class=\"qodef-shortcode qodef-m  qodef-icon-with-text qodef-layout--top qodef--custom-icon   qodef-alignment--left\">\n\t<div class=\"qodef-m-icon-wrapper\" >\n\t\t\t\t\t\t\t<\/div>\n\t<div class=\"qodef-m-content\">\n\t\t\t<h5 class=\"qodef-m-title\" style=\"margin-top: 13px;color: #FFFFFF\">\n\t\t\t\t\t<span class=\"qodef-m-title-text\">REZISTENCA E P\u00cbR\u00c7UESIT MBROJT\u00cbS\/VAZHDUESHM\u00cbRIA<\/span>\n\t\t\t<\/h5>\n\t\t\t<p class=\"qodef-m-text-field\" style=\"margin-top: 15px\">\n<\/p>\n\t\t\t<\/div>\n<\/div>\n\t\t\t\t<\/div>\n\t\t\t\t<\/div>\n\t\t\t\t<div class=\"elementor-element elementor-element-28f9e86 elementor-widget elementor-widget-text-editor\" data-id=\"28f9e86\" data-element_type=\"widget\" data-e-type=\"widget\" data-widget_type=\"text-editor.default\">\n\t\t\t\t<div class=\"elementor-widget-container\">\n\t\t\t\t\t\t\t\t\t<p><strong>a.<\/strong> Parametri: Mates i Rezistences<br \/><strong>b.<\/strong> Parametri:Rryme<\/p>\t\t\t\t\t\t\t\t<\/div>\n\t\t\t\t<\/div>\n\t\t\t\t\t<\/div>\n\t\t<\/div>\n\t\t\t\t\t<\/div>\n\t\t<\/section>\n\t\t\t\t<section class=\"elementor-section elementor-top-section elementor-element elementor-element-fbc95ad elementor-section-full_width qodef-elementor-content-grid elementor-section-height-default elementor-section-height-default\" data-id=\"fbc95ad\" data-element_type=\"section\" data-e-type=\"section\">\n\t\t\t\t\t\t<div class=\"elementor-container elementor-column-gap-default\">\n\t\t\t\t\t<div class=\"elementor-column elementor-col-50 elementor-top-column elementor-element elementor-element-96522fd\" data-id=\"96522fd\" data-element_type=\"column\" data-e-type=\"column\" data-settings=\"{&quot;background_background&quot;:&quot;classic&quot;}\">\n\t\t\t<div class=\"elementor-widget-wrap elementor-element-populated\">\n\t\t\t\t\t\t<div class=\"elementor-element elementor-element-bdcce77 elementor-widget__width-initial elementor-widget elementor-widget-halstein_core_icon_with_text\" data-id=\"bdcce77\" data-element_type=\"widget\" data-e-type=\"widget\" data-widget_type=\"halstein_core_icon_with_text.default\">\n\t\t\t\t<div class=\"elementor-widget-container\">\n\t\t\t\t\t<div class=\"qodef-shortcode qodef-m  qodef-icon-with-text qodef-layout--top qodef--custom-icon   qodef-alignment--left\">\n\t<div class=\"qodef-m-icon-wrapper\" >\n\t\t\t\t\t\t\t<\/div>\n\t<div class=\"qodef-m-content\">\n\t\t\t<h4 class=\"qodef-m-title\" style=\"margin-top: 13px;color: #FFFBFB\">\n\t\t\t\t\t<span class=\"qodef-m-title-text\">ABSORBIMI <\/span>\n\t\t\t<\/h4>\n\t\t\t<p class=\"qodef-m-text-field\" style=\"margin-top: 15px\"> <\/p>\n\t\t\t<\/div>\n<\/div>\n\t\t\t\t<\/div>\n\t\t\t\t<\/div>\n\t\t\t\t<div class=\"elementor-element elementor-element-351756b elementor-widget elementor-widget-text-editor\" data-id=\"351756b\" data-element_type=\"widget\" data-e-type=\"widget\" data-widget_type=\"text-editor.default\">\n\t\t\t\t<div class=\"elementor-widget-container\">\n\t\t\t\t\t\t\t\t\t<p><strong>a.<\/strong> Parametri: Tension<br \/><strong>b.<\/strong> Parametri: Rryme<br \/><strong>c.<\/strong> Parametri: Fuqi<\/p>\t\t\t\t\t\t\t\t<\/div>\n\t\t\t\t<\/div>\n\t\t\t\t\t<\/div>\n\t\t<\/div>\n\t\t\t\t<div class=\"elementor-column elementor-col-50 elementor-top-column elementor-element elementor-element-2f9fa76\" data-id=\"2f9fa76\" data-element_type=\"column\" data-e-type=\"column\" data-settings=\"{&quot;background_background&quot;:&quot;classic&quot;}\">\n\t\t\t<div class=\"elementor-widget-wrap elementor-element-populated\">\n\t\t\t\t\t\t<div class=\"elementor-element elementor-element-60c2d3a elementor-widget__width-initial elementor-widget elementor-widget-halstein_core_icon_with_text\" data-id=\"60c2d3a\" data-element_type=\"widget\" data-e-type=\"widget\" data-widget_type=\"halstein_core_icon_with_text.default\">\n\t\t\t\t<div class=\"elementor-widget-container\">\n\t\t\t\t\t<div class=\"qodef-shortcode qodef-m  qodef-icon-with-text qodef-layout--top qodef--custom-icon   qodef-alignment--left\">\n\t<div class=\"qodef-m-icon-wrapper\" >\n\t\t\t\t\t\t\t<\/div>\n\t<div class=\"qodef-m-content\">\n\t\t\t<h4 class=\"qodef-m-title\" style=\"margin-top: 13px;color: #14203B\">\n\t\t\t\t\t<span class=\"qodef-m-title-text\">TOK\u00cbZIMI<\/span>\n\t\t\t<\/h4>\n\t\t\t<p class=\"qodef-m-text-field\" style=\"margin-top: 15px\">\n<\/p>\n\t\t\t<\/div>\n<\/div>\n\t\t\t\t<\/div>\n\t\t\t\t<\/div>\n\t\t\t\t<div class=\"elementor-element elementor-element-7b363e7 elementor-widget elementor-widget-text-editor\" data-id=\"7b363e7\" data-element_type=\"widget\" data-e-type=\"widget\" data-widget_type=\"text-editor.default\">\n\t\t\t\t<div class=\"elementor-widget-container\">\n\t\t\t\t\t\t\t\t\t<p><strong>a.<\/strong> Parametri: Tension<br \/><strong>b.<\/strong> Parametri: Rezistence<br \/><br \/><\/p>\t\t\t\t\t\t\t\t<\/div>\n\t\t\t\t<\/div>\n\t\t\t\t\t<\/div>\n\t\t<\/div>\n\t\t\t\t\t<\/div>\n\t\t<\/section>\n\t\t<div class=\"elementor-element elementor-element-6f4268a e-flex e-con-boxed e-con e-parent\" data-id=\"6f4268a\" data-element_type=\"container\" data-e-type=\"container\">\n\t\t\t\t\t<div class=\"e-con-inner\">\n\t\t\t\t<div class=\"elementor-element elementor-element-9aa35f9 elementor-widget elementor-widget-qi_addons_for_elementor_section_title\" data-id=\"9aa35f9\" data-element_type=\"widget\" data-e-type=\"widget\" data-widget_type=\"qi_addons_for_elementor_section_title.default\">\n\t\t\t\t<div class=\"elementor-widget-container\">\n\t\t\t\t\t<div class=\"qodef-shortcode qodef-m qodef-qi-section-title qodef-decoration--italic qodef-link--underline-draw qodef-subtitle-icon--left\">\n\t\t\t\t\t\t<h5 class=\"qodef-m-title\">\n\t\t\u00c7mimet p\u00ebrkatese p\u00ebr sh\u00ebrbimet e ofruarara nga kompania SAT HOLDING SHPK jane: \t<\/h5>\n\t\t\t<div class=\"qodef-m-text\"><p>\u00a0<\/p><p>1- NGURT\u00cbSIA ELEKTRIKE \u2013 150 Euro<\/p><p>2- REZISTENCA E P\u00cbR\u00c7UESIT MBROJT\u00cbS \/ VAZHDUESHM\u00cbRIA \u2013 150 Euro<\/p><p>3- ABSORBIMI \u2013 150 Euro<\/p><p>4-TOK\u00cbZIMI \u2013 150 Euro<\/p><\/div>\n\t<\/div>\n\t\t\t\t<\/div>\n\t\t\t\t<\/div>\n\t\t\t\t\t<\/div>\n\t\t\t\t<\/div>\n\t\t\t\t<\/div>\n\t\t","protected":false},"excerpt":{"rendered":"<p>Sherbimet e ofruara nga kompania SAT HOLDING SHPK jane: NGURT\u00cbSIA ELEKTRIKE a. Parametri: Tension AC b. Parametri: Rryme ACc. Parametri Tension DCd. Parametri Rryme DC REZISTENCA E P\u00cbR\u00c7UESIT MBROJT\u00cbS\/VAZHDUESHM\u00cbRIA a. Parametri: Mates i Rezistencesb. Parametri:Rryme REZISTENCA E P\u00cbR\u00c7UESIT MBROJT\u00cbS\/VAZHDUESHM\u00cbRIA a. Parametri: Mates i Rezistencesb. Parametri:Rryme ABSORBIMI a. Parametri: Tensionb. Parametri: Rrymec. Parametri: Fuqi TOK\u00cbZIMI a. [&hellip;]<\/p>\n","protected":false},"author":1,"featured_media":0,"parent":0,"menu_order":0,"comment_status":"closed","ping_status":"closed","template":"","meta":{"footnotes":""},"class_list":["post-10235","page","type-page","status-publish","hentry"],"_links":{"self":[{"href":"https:\/\/sat-holding.com\/index.php?rest_route=\/wp\/v2\/pages\/10235","targetHints":{"allow":["GET"]}}],"collection":[{"href":"https:\/\/sat-holding.com\/index.php?rest_route=\/wp\/v2\/pages"}],"about":[{"href":"https:\/\/sat-holding.com\/index.php?rest_route=\/wp\/v2\/types\/page"}],"author":[{"embeddable":true,"href":"https:\/\/sat-holding.com\/index.php?rest_route=\/wp\/v2\/users\/1"}],"replies":[{"embeddable":true,"href":"https:\/\/sat-holding.com\/index.php?rest_route=%2Fwp%2Fv2%2Fcomments&post=10235"}],"version-history":[{"count":19,"href":"https:\/\/sat-holding.com\/index.php?rest_route=\/wp\/v2\/pages\/10235\/revisions"}],"predecessor-version":[{"id":10325,"href":"https:\/\/sat-holding.com\/index.php?rest_route=\/wp\/v2\/pages\/10235\/revisions\/10325"}],"wp:attachment":[{"href":"https:\/\/sat-holding.com\/index.php?rest_route=%2Fwp%2Fv2%2Fmedia&parent=10235"}],"curies":[{"name":"wp","href":"https:\/\/api.w.org\/{rel}","templated":true}]}}