{"id":10226,"date":"2024-04-04T14:54:42","date_gmt":"2024-04-04T14:54:42","guid":{"rendered":"https:\/\/sat-holding.com\/?page_id=10226"},"modified":"2024-04-04T14:56:20","modified_gmt":"2024-04-04T14:56:20","slug":"rreth-nesh","status":"publish","type":"page","link":"https:\/\/sat-holding.com\/?page_id=10226","title":{"rendered":"Rreth Nesh"},"content":{"rendered":"\t\t<div data-elementor-type=\"wp-page\" data-elementor-id=\"10226\" class=\"elementor elementor-10226\">\n\t\t\t\t<div class=\"elementor-element elementor-element-f7b4aed e-flex e-con-boxed e-con e-parent\" data-id=\"f7b4aed\" data-element_type=\"container\" data-e-type=\"container\">\n\t\t\t\t\t<div class=\"e-con-inner\">\n\t\t\t\t<div class=\"elementor-element elementor-element-e5ff1ad elementor-widget elementor-widget-qi_addons_for_elementor_section_title\" data-id=\"e5ff1ad\" data-element_type=\"widget\" data-e-type=\"widget\" data-widget_type=\"qi_addons_for_elementor_section_title.default\">\n\t\t\t\t<div class=\"elementor-widget-container\">\n\t\t\t\t\t<div class=\"qodef-shortcode qodef-m qodef-qi-section-title qodef-decoration--italic qodef-link--underline-draw qodef-subtitle-icon--left\">\n\t\t\t\t\t\t\t\t<div class=\"qodef-m-text\"><p>SAT HOLDING SHPK \u00ebsht\u00eb nj\u00eb kompani e krijuar n\u00eb vitin 2023 p\u00ebr t\u00eb ofruar nj\u00eb gam\u00eb t\u00eb caktuar testimesh n\u00eb fushen e pajisjeve dhe makinerive elektrike si:<\/p><p>1- NGURT\u00cbSIA ELEKTRIKE<\/p><p>2- REZISTENCA E P\u00cbR\u00c7UESIT MBROJT\u00cbS \/ VAZHDUESHM\u00cbRIA<\/p><p>3- ABSORBIMI<\/p><p>4-TOK\u00cbZIMI<\/p><p>Kompania ofron mund\u00ebsi p\u00ebr t\u00eb gjith\u00eb subjektet e interesuara q\u00eb t\u00eb kryejn\u00eb testime nga nj\u00eb staf profesional dhe pajisje t\u00eb kalibruara t\u00eb fjal\u00ebs s\u00eb fundit t\u00eb teknologjise.<\/p><p>Synimi yn\u00eb \u00ebsht\u00eb p\u00ebrgjigja n\u00eb koh\u00eb ndaj k\u00ebrkesave t\u00eb klienteve duke p\u00ebrmbushur t\u00eb gjitha pritshm\u00ebrit\u00eb e tyre, duke siguruar Paanshm\u00ebrin\u00eb dhe Konfidencialitetin.<\/p><\/div>\n\t<\/div>\n\t\t\t\t<\/div>\n\t\t\t\t<\/div>\n\t\t\t\t\t<\/div>\n\t\t\t\t<\/div>\n\t\t\t\t<\/div>\n\t\t","protected":false},"excerpt":{"rendered":"<p>SAT HOLDING SHPK \u00ebsht\u00eb nj\u00eb kompani e krijuar n\u00eb vitin 2023 p\u00ebr t\u00eb ofruar nj\u00eb gam\u00eb t\u00eb caktuar testimesh n\u00eb fushen e pajisjeve dhe makinerive elektrike si: 1- NGURT\u00cbSIA ELEKTRIKE 2- REZISTENCA E P\u00cbR\u00c7UESIT MBROJT\u00cbS \/ VAZHDUESHM\u00cbRIA 3- ABSORBIMI 4-TOK\u00cbZIMI Kompania ofron mund\u00ebsi p\u00ebr t\u00eb gjith\u00eb subjektet e interesuara q\u00eb t\u00eb kryejn\u00eb testime nga nj\u00eb [&hellip;]<\/p>\n","protected":false},"author":1,"featured_media":0,"parent":0,"menu_order":0,"comment_status":"closed","ping_status":"closed","template":"","meta":{"footnotes":""},"class_list":["post-10226","page","type-page","status-publish","hentry"],"_links":{"self":[{"href":"https:\/\/sat-holding.com\/index.php?rest_route=\/wp\/v2\/pages\/10226","targetHints":{"allow":["GET"]}}],"collection":[{"href":"https:\/\/sat-holding.com\/index.php?rest_route=\/wp\/v2\/pages"}],"about":[{"href":"https:\/\/sat-holding.com\/index.php?rest_route=\/wp\/v2\/types\/page"}],"author":[{"embeddable":true,"href":"https:\/\/sat-holding.com\/index.php?rest_route=\/wp\/v2\/users\/1"}],"replies":[{"embeddable":true,"href":"https:\/\/sat-holding.com\/index.php?rest_route=%2Fwp%2Fv2%2Fcomments&post=10226"}],"version-history":[{"count":4,"href":"https:\/\/sat-holding.com\/index.php?rest_route=\/wp\/v2\/pages\/10226\/revisions"}],"predecessor-version":[{"id":10231,"href":"https:\/\/sat-holding.com\/index.php?rest_route=\/wp\/v2\/pages\/10226\/revisions\/10231"}],"wp:attachment":[{"href":"https:\/\/sat-holding.com\/index.php?rest_route=%2Fwp%2Fv2%2Fmedia&parent=10226"}],"curies":[{"name":"wp","href":"https:\/\/api.w.org\/{rel}","templated":true}]}}